{"id":1297,"date":"2025-11-03T15:34:25","date_gmt":"2025-11-03T15:34:25","guid":{"rendered":"https:\/\/whitesensepicnic.com\/?post_type=product&#038;p=1297"},"modified":"2025-12-12T12:28:56","modified_gmt":"2025-12-12T12:28:56","slug":"balta-piknika-rezervacija-2026","status":"publish","type":"product","link":"https:\/\/whitesensepicnic.com\/en\/pasakums\/balta-piknika-rezervacija-2026\/","title":{"rendered":"Balt\u0101 Piknika rezerv\u0101cija 2026"},"content":{"rendered":"<p>Elegant\u0101s un iedvesmojo\u0161as pop-up piknika vakari\u0146as \u201eL\u2019elegante Pop\u2013Up Picnic\u201d ik gadu sapulcina skaistuma un dz\u012bvesprieka baud\u012bt\u0101jus.<\/p>\n<p>Svin\u0113sim kop\u0101 b\u016b\u0161anu, priec\u0101simies par atkalsatik\u0161anos ar seniem draugiem un iepaz\u012bsim jaunus, baudot elegantas piknika vakari\u0146as br\u012bni\u0161\u0137\u012bg\u0101 gaisotn\u0113. Vakaru papildin\u0101s dz\u012bv\u0101 m\u016bzika un p\u0101rsteigumi no m\u016bsu sadarb\u012bbas partneriem \u2013 viss, lai rad\u012btu neaizmirstamu un priekpilnu vasaras piedz\u012bvojumu.<\/p>\n<p>Pas\u0101kuma norises vieta ir nosl\u0113pum\u0101 tur\u0113ts p\u0101rsteigums, kas tiks atkl\u0101ts tikai pas\u0101kuma dien\u0101!<\/p>\n<p><strong>Dal\u012bbas maksa: 60 EUR no personas.<\/strong><\/p>","protected":false},"excerpt":{"rendered":"<p>Vietas rezerv\u0101cija:<\/p>\n<ul>\n<li>Vietas var rezerv\u0113t tikai p\u0101ra skaitl\u012b (2, 4, 6 utt.).<\/li>\n<li>Vien\u0101 reiz\u0113 var rezerv\u0113t l\u012bdz 12 viet\u0101m.<\/li>\n<\/ul>\n<p>Ja v\u0113laties vair\u0101k nek\u0101 12 vietas, izmantojiet opciju TURPIN\u0100T IEPIRKTIES un pievienojiet papildu vietas.<\/p>\n<p>B\u0113rnu dal\u012bba:<\/p>\n<ul>\n<li>Pas\u0101kums paredz\u0113ts k\u0101 pieaugu\u0161o vakari\u0146as.<\/li>\n<li>Atsevi\u0161\u0137as bi\u013cetes b\u0113rniem nav pieejamas.<\/li>\n<\/ul>\n<p>Ja tom\u0113r pa\u0101kumu apmekl\u0113jat ar b\u0113rnu, jums j\u0101izlemj:<\/p>\n<ul>\n<li>Ja b\u0113rnam v\u0113laties savu vietu pie galda \u2013 j\u0101maks\u0101 pilna dal\u012bbas maksa<\/li>\n<li>Ja b\u0113rnam nav vajadz\u012bg\u0101 sava vietu pie galda \u2013 dal\u012bba ir bez maksas, bet l\u016bdzam par to m\u016bs inform\u0113t.<\/li>\n<\/ul>","protected":false},"featured_media":1299,"comment_status":"closed","ping_status":"closed","template":"","meta":[],"product_brand":[],"product_cat":[30],"product_tag":[],"class_list":{"0":"post-1297","1":"product","2":"type-product","3":"status-publish","4":"has-post-thumbnail","6":"product_cat-vietas-rezervacija","8":"first","9":"instock","10":"virtual","11":"purchasable","12":"product-type-simple"},"yoast_head":"<!-- This site is optimized with the Yoast SEO plugin v27.3 - https:\/\/yoast.com\/product\/yoast-seo-wordpress\/ -->\n<title>Balt\u0101 Piknika rezerv\u0101cija 2026 - White Sense Picnic<\/title>\n<meta name=\"robots\" content=\"index, follow, max-snippet:-1, max-image-preview:large, max-video-preview:-1\" \/>\n<link rel=\"canonical\" href=\"https:\/\/whitesensepicnic.com\/en\/pasakums\/balta-piknika-rezervacija-2026\/\" \/>\n<meta property=\"og:locale\" content=\"en_GB\" \/>\n<meta property=\"og:type\" content=\"article\" \/>\n<meta property=\"og:title\" content=\"Balt\u0101 Piknika rezerv\u0101cija 2026 - White Sense Picnic\" \/>\n<meta property=\"og:description\" content=\"Vietas rezerv\u0101cija:   Vietas var rezerv\u0113t tikai p\u0101ra skaitl\u012b (2, 4, 6 utt.).  Vien\u0101 reiz\u0113 var rezerv\u0113t l\u012bdz 12 viet\u0101m.  Ja v\u0113laties vair\u0101k nek\u0101 12 vietas, izmantojiet opciju TURPIN\u0100T IEPIRKTIES un pievienojiet papildu vietas.  B\u0113rnu dal\u012bba:   Pas\u0101kums paredz\u0113ts k\u0101 pieaugu\u0161o vakari\u0146as.  Atsevi\u0161\u0137as bi\u013cetes b\u0113rniem nav pieejamas.  Ja tom\u0113r pa\u0101kumu apmekl\u0113jat ar b\u0113rnu, jums j\u0101izlemj:   Ja b\u0113rnam v\u0113laties savu vietu pie galda \u2013 j\u0101maks\u0101 pilna dal\u012bbas maksa  Ja b\u0113rnam nav vajadz\u012bg\u0101 sava vietu pie galda \u2013 dal\u012bba ir bez maksas, bet l\u016bdzam par to m\u016bs inform\u0113t.\" \/>\n<meta property=\"og:url\" content=\"https:\/\/whitesensepicnic.com\/en\/pasakums\/balta-piknika-rezervacija-2026\/\" \/>\n<meta property=\"og:site_name\" content=\"White Sense Picnic\" \/>\n<meta property=\"article:modified_time\" content=\"2025-12-12T12:28:56+00:00\" \/>\n<meta property=\"og:image\" content=\"https:\/\/whitesensepicnic.com\/wp-content\/uploads\/2025\/11\/rez_2026.jpg\" \/>\n\t<meta property=\"og:image:width\" content=\"1080\" \/>\n\t<meta property=\"og:image:height\" content=\"1350\" \/>\n\t<meta property=\"og:image:type\" content=\"image\/jpeg\" \/>\n<meta name=\"twitter:card\" content=\"summary_large_image\" \/>\n<meta name=\"twitter:label1\" content=\"Estimated reading time\" \/>\n\t<meta name=\"twitter:data1\" content=\"1 minute\" \/>\n<script type=\"application\/ld+json\" class=\"yoast-schema-graph\">{\"@context\":\"https:\\\/\\\/schema.org\",\"@graph\":[{\"@type\":\"WebPage\",\"@id\":\"https:\\\/\\\/whitesensepicnic.com\\\/pasakums\\\/balta-piknika-rezervacija-2026\\\/\",\"url\":\"https:\\\/\\\/whitesensepicnic.com\\\/pasakums\\\/balta-piknika-rezervacija-2026\\\/\",\"name\":\"Balt\u0101 Piknika rezerv\u0101cija 2026 - White Sense Picnic\",\"isPartOf\":{\"@id\":\"https:\\\/\\\/whitesensepicnic.com\\\/#website\"},\"primaryImageOfPage\":{\"@id\":\"https:\\\/\\\/whitesensepicnic.com\\\/pasakums\\\/balta-piknika-rezervacija-2026\\\/#primaryimage\"},\"image\":{\"@id\":\"https:\\\/\\\/whitesensepicnic.com\\\/pasakums\\\/balta-piknika-rezervacija-2026\\\/#primaryimage\"},\"thumbnailUrl\":\"https:\\\/\\\/whitesensepicnic.com\\\/wp-content\\\/uploads\\\/2025\\\/11\\\/rez_2026.jpg\",\"datePublished\":\"2025-11-03T15:34:25+00:00\",\"dateModified\":\"2025-12-12T12:28:56+00:00\",\"breadcrumb\":{\"@id\":\"https:\\\/\\\/whitesensepicnic.com\\\/pasakums\\\/balta-piknika-rezervacija-2026\\\/#breadcrumb\"},\"inLanguage\":\"en-GB\",\"potentialAction\":[{\"@type\":\"ReadAction\",\"target\":[\"https:\\\/\\\/whitesensepicnic.com\\\/pasakums\\\/balta-piknika-rezervacija-2026\\\/\"]}]},{\"@type\":\"ImageObject\",\"inLanguage\":\"en-GB\",\"@id\":\"https:\\\/\\\/whitesensepicnic.com\\\/pasakums\\\/balta-piknika-rezervacija-2026\\\/#primaryimage\",\"url\":\"https:\\\/\\\/whitesensepicnic.com\\\/wp-content\\\/uploads\\\/2025\\\/11\\\/rez_2026.jpg\",\"contentUrl\":\"https:\\\/\\\/whitesensepicnic.com\\\/wp-content\\\/uploads\\\/2025\\\/11\\\/rez_2026.jpg\",\"width\":1080,\"height\":1350},{\"@type\":\"BreadcrumbList\",\"@id\":\"https:\\\/\\\/whitesensepicnic.com\\\/pasakums\\\/balta-piknika-rezervacija-2026\\\/#breadcrumb\",\"itemListElement\":[{\"@type\":\"ListItem\",\"position\":1,\"name\":\"Home\",\"item\":\"https:\\\/\\\/whitesensepicnic.com\\\/\"},{\"@type\":\"ListItem\",\"position\":2,\"name\":\"Veikals\",\"item\":\"https:\\\/\\\/whitesensepicnic.com\\\/veikals\\\/\"},{\"@type\":\"ListItem\",\"position\":3,\"name\":\"Balt\u0101 Piknika rezerv\u0101cija 2026\"}]},{\"@type\":\"WebSite\",\"@id\":\"https:\\\/\\\/whitesensepicnic.com\\\/#website\",\"url\":\"https:\\\/\\\/whitesensepicnic.com\\\/\",\"name\":\"WiseflowAI\",\"description\":\"Where The Magic Happens\",\"publisher\":{\"@id\":\"https:\\\/\\\/whitesensepicnic.com\\\/#organization\"},\"potentialAction\":[{\"@type\":\"SearchAction\",\"target\":{\"@type\":\"EntryPoint\",\"urlTemplate\":\"https:\\\/\\\/whitesensepicnic.com\\\/?s={search_term_string}\"},\"query-input\":{\"@type\":\"PropertyValueSpecification\",\"valueRequired\":true,\"valueName\":\"search_term_string\"}}],\"inLanguage\":\"en-GB\"},{\"@type\":\"Organization\",\"@id\":\"https:\\\/\\\/whitesensepicnic.com\\\/#organization\",\"name\":\"WiseflowAI\",\"url\":\"https:\\\/\\\/whitesensepicnic.com\\\/\",\"logo\":{\"@type\":\"ImageObject\",\"inLanguage\":\"en-GB\",\"@id\":\"https:\\\/\\\/whitesensepicnic.com\\\/#\\\/schema\\\/logo\\\/image\\\/\",\"url\":\"https:\\\/\\\/whitesensepicnic.com\\\/wp-content\\\/uploads\\\/2025\\\/09\\\/favicon.png\",\"contentUrl\":\"https:\\\/\\\/whitesensepicnic.com\\\/wp-content\\\/uploads\\\/2025\\\/09\\\/favicon.png\",\"width\":512,\"height\":512,\"caption\":\"WiseflowAI\"},\"image\":{\"@id\":\"https:\\\/\\\/whitesensepicnic.com\\\/#\\\/schema\\\/logo\\\/image\\\/\"}}]}<\/script>\n<!-- \/ Yoast SEO plugin. -->","yoast_head_json":{"title":"Balt\u0101 Piknika rezerv\u0101cija 2026 - White Sense Picnic","robots":{"index":"index","follow":"follow","max-snippet":"max-snippet:-1","max-image-preview":"max-image-preview:large","max-video-preview":"max-video-preview:-1"},"canonical":"https:\/\/whitesensepicnic.com\/en\/pasakums\/balta-piknika-rezervacija-2026\/","og_locale":"en_GB","og_type":"article","og_title":"Balt\u0101 Piknika rezerv\u0101cija 2026 - White Sense Picnic","og_description":"Vietas rezerv\u0101cija:   Vietas var rezerv\u0113t tikai p\u0101ra skaitl\u012b (2, 4, 6 utt.).  Vien\u0101 reiz\u0113 var rezerv\u0113t l\u012bdz 12 viet\u0101m.  Ja v\u0113laties vair\u0101k nek\u0101 12 vietas, izmantojiet opciju TURPIN\u0100T IEPIRKTIES un pievienojiet papildu vietas.  B\u0113rnu dal\u012bba:   Pas\u0101kums paredz\u0113ts k\u0101 pieaugu\u0161o vakari\u0146as.  Atsevi\u0161\u0137as bi\u013cetes b\u0113rniem nav pieejamas.  Ja tom\u0113r pa\u0101kumu apmekl\u0113jat ar b\u0113rnu, jums j\u0101izlemj:   Ja b\u0113rnam v\u0113laties savu vietu pie galda \u2013 j\u0101maks\u0101 pilna dal\u012bbas maksa  Ja b\u0113rnam nav vajadz\u012bg\u0101 sava vietu pie galda \u2013 dal\u012bba ir bez maksas, bet l\u016bdzam par to m\u016bs inform\u0113t.","og_url":"https:\/\/whitesensepicnic.com\/en\/pasakums\/balta-piknika-rezervacija-2026\/","og_site_name":"White Sense Picnic","article_modified_time":"2025-12-12T12:28:56+00:00","og_image":[{"width":1080,"height":1350,"url":"https:\/\/whitesensepicnic.com\/wp-content\/uploads\/2025\/11\/rez_2026.jpg","type":"image\/jpeg"}],"twitter_card":"summary_large_image","twitter_misc":{"Estimated reading time":"1 minute"},"schema":{"@context":"https:\/\/schema.org","@graph":[{"@type":"WebPage","@id":"https:\/\/whitesensepicnic.com\/pasakums\/balta-piknika-rezervacija-2026\/","url":"https:\/\/whitesensepicnic.com\/pasakums\/balta-piknika-rezervacija-2026\/","name":"Balt\u0101 Piknika rezerv\u0101cija 2026 - White Sense Picnic","isPartOf":{"@id":"https:\/\/whitesensepicnic.com\/#website"},"primaryImageOfPage":{"@id":"https:\/\/whitesensepicnic.com\/pasakums\/balta-piknika-rezervacija-2026\/#primaryimage"},"image":{"@id":"https:\/\/whitesensepicnic.com\/pasakums\/balta-piknika-rezervacija-2026\/#primaryimage"},"thumbnailUrl":"https:\/\/whitesensepicnic.com\/wp-content\/uploads\/2025\/11\/rez_2026.jpg","datePublished":"2025-11-03T15:34:25+00:00","dateModified":"2025-12-12T12:28:56+00:00","breadcrumb":{"@id":"https:\/\/whitesensepicnic.com\/pasakums\/balta-piknika-rezervacija-2026\/#breadcrumb"},"inLanguage":"en-GB","potentialAction":[{"@type":"ReadAction","target":["https:\/\/whitesensepicnic.com\/pasakums\/balta-piknika-rezervacija-2026\/"]}]},{"@type":"ImageObject","inLanguage":"en-GB","@id":"https:\/\/whitesensepicnic.com\/pasakums\/balta-piknika-rezervacija-2026\/#primaryimage","url":"https:\/\/whitesensepicnic.com\/wp-content\/uploads\/2025\/11\/rez_2026.jpg","contentUrl":"https:\/\/whitesensepicnic.com\/wp-content\/uploads\/2025\/11\/rez_2026.jpg","width":1080,"height":1350},{"@type":"BreadcrumbList","@id":"https:\/\/whitesensepicnic.com\/pasakums\/balta-piknika-rezervacija-2026\/#breadcrumb","itemListElement":[{"@type":"ListItem","position":1,"name":"Home","item":"https:\/\/whitesensepicnic.com\/"},{"@type":"ListItem","position":2,"name":"Veikals","item":"https:\/\/whitesensepicnic.com\/veikals\/"},{"@type":"ListItem","position":3,"name":"Balt\u0101 Piknika rezerv\u0101cija 2026"}]},{"@type":"WebSite","@id":"https:\/\/whitesensepicnic.com\/#website","url":"https:\/\/whitesensepicnic.com\/","name":"WiseflowAI","description":"Where The Magic Happens","publisher":{"@id":"https:\/\/whitesensepicnic.com\/#organization"},"potentialAction":[{"@type":"SearchAction","target":{"@type":"EntryPoint","urlTemplate":"https:\/\/whitesensepicnic.com\/?s={search_term_string}"},"query-input":{"@type":"PropertyValueSpecification","valueRequired":true,"valueName":"search_term_string"}}],"inLanguage":"en-GB"},{"@type":"Organization","@id":"https:\/\/whitesensepicnic.com\/#organization","name":"WiseflowAI","url":"https:\/\/whitesensepicnic.com\/","logo":{"@type":"ImageObject","inLanguage":"en-GB","@id":"https:\/\/whitesensepicnic.com\/#\/schema\/logo\/image\/","url":"https:\/\/whitesensepicnic.com\/wp-content\/uploads\/2025\/09\/favicon.png","contentUrl":"https:\/\/whitesensepicnic.com\/wp-content\/uploads\/2025\/09\/favicon.png","width":512,"height":512,"caption":"WiseflowAI"},"image":{"@id":"https:\/\/whitesensepicnic.com\/#\/schema\/logo\/image\/"}}]}},"_links":{"self":[{"href":"https:\/\/whitesensepicnic.com\/en\/wp-json\/wp\/v2\/product\/1297","targetHints":{"allow":["GET"]}}],"collection":[{"href":"https:\/\/whitesensepicnic.com\/en\/wp-json\/wp\/v2\/product"}],"about":[{"href":"https:\/\/whitesensepicnic.com\/en\/wp-json\/wp\/v2\/types\/product"}],"replies":[{"embeddable":true,"href":"https:\/\/whitesensepicnic.com\/en\/wp-json\/wp\/v2\/comments?post=1297"}],"wp:featuredmedia":[{"embeddable":true,"href":"https:\/\/whitesensepicnic.com\/en\/wp-json\/wp\/v2\/media\/1299"}],"wp:attachment":[{"href":"https:\/\/whitesensepicnic.com\/en\/wp-json\/wp\/v2\/media?parent=1297"}],"wp:term":[{"taxonomy":"product_brand","embeddable":true,"href":"https:\/\/whitesensepicnic.com\/en\/wp-json\/wp\/v2\/product_brand?post=1297"},{"taxonomy":"product_cat","embeddable":true,"href":"https:\/\/whitesensepicnic.com\/en\/wp-json\/wp\/v2\/product_cat?post=1297"},{"taxonomy":"product_tag","embeddable":true,"href":"https:\/\/whitesensepicnic.com\/en\/wp-json\/wp\/v2\/product_tag?post=1297"}],"curies":[{"name":"wp","href":"https:\/\/api.w.org\/{rel}","templated":true}]}}