{"id":838,"date":"2025-09-11T09:23:58","date_gmt":"2025-09-11T09:23:58","guid":{"rendered":"https:\/\/wiseflowai.eu\/?page_id=838"},"modified":"2025-11-20T15:04:30","modified_gmt":"2025-11-20T15:04:30","slug":"jaunumi","status":"publish","type":"page","link":"https:\/\/whitesensepicnic.com\/en\/jaunumi\/","title":{"rendered":"Jaunumi"},"content":{"rendered":"<p><style>@media (min-width: 992px) { .liquid-row-responsive-69e0fb1c0e074 {padding-top:170px !important;  }  }    <\/style><section data-row-bg=\"https:\/\/whitesensepicnic.com\/wp-content\/uploads\/2025\/09\/Pikniks2017_0277.jpg?id=1022\" style=\"background-position:center bottom !important;\" data-bg-image=\"url\" class=\"vc_row vc_custom_1763584734365 liquid-row-responsive-69e0fb1c0e074 liquid-row-shadowbox-69e0fb1c0e0b2 vc_row-has-fill vc_row-has-bg lqd-has-bg-markup row-bg-appended\"><span class=\"row-bg-loader\"><\/span><div class=\"row-bg-wrap\">\n\t\t<div class=\"row-bg-inner\">\n\t\t\t<figure class=\"row-bg\" ><\/figure>\n\t\t<\/div>\n\t<\/div><div class=\"liquid-row-overlay\" style=\"background:rgba(0, 0, 0, 0.5)\"><\/div><div class=\"ld-container container\"><div class=\"row ld-row ld-row-outer vc_row-o-content-middle vc_row-flex\"><div class=\"wpb_column vc_column_container vc_col-sm-12 vc_col-md-offset-3 vc_col-md-6 text-center liquid-column-69e0fb1c0e6a5\"><div class=\"vc_column-inner\" ><div class=\"wpb_wrapper\"  ><style>.ld_fancy_heading_69e0fb1c0ea93 h2{color:rgb(255, 255, 255);}.ld_fancy_heading_69e0fb1c0ea93 .lqd-highlight-inner{height:0.275em!important;bottom:0px!important;}<\/style><div class=\"ld-fancy-heading mask-text ld_fancy_heading_69e0fb1c0ea93\">\n\t<h2 class=\"ld-fh-element lqd-highlight-underline lqd-highlight-grow-left text-decoration-default lqd-split-lines\"   data-split-text=\"true\" data-split-options='{\"type\":\"lines\"}'>  Aktualit\u0101tes<\/h2><\/div><style>.ld_fancy_heading_69e0fb1c0efcc p{color:rgb(255, 255, 255);}.ld_fancy_heading_69e0fb1c0efcc p {margin-bottom:40px !important;  } .ld_fancy_heading_69e0fb1c0efcc .lqd-highlight-inner{height:0.275em!important;bottom:0px!important;}.ld_fancy_heading_69e0fb1c0efcc p {margin-bottom:40px !important;  } <\/style><div class=\"ld-fancy-heading mask-text ld_fancy_heading_69e0fb1c0efcc\">\n\t<p class=\"ld-fh-element lqd-highlight-underline lqd-highlight-grow-left text-decoration-default lqd-split-lines\"   data-split-text=\"true\" data-split-options='{\"type\":\"lines\"}'>  Par svar\u012bgo vienuviet. Pas\u0101kumu deta\u013cas, mode un ieteikumi, lai J\u016bsu pikniks norit\u0113tu p\u0113c lab\u0101kaj\u0101m kvalit\u0101tes vadl\u012bnij\u0101m.<\/p><\/div><\/div><\/div><\/div><\/div><\/div><\/section><section class=\"vc_row vc_custom_1699557570137 liquid-row-shadowbox-69e0fb1c0f587\"><div class=\"ld-container container\"><div class=\"row ld-row ld-row-outer\"><div class=\"wpb_column vc_column_container vc_col-sm-12 liquid-column-69e0fb1c0f9cd\"><div class=\"vc_column-inner\" ><div class=\"wpb_wrapper\"  ><style>.ld_blog_69e0fb1c0fcae .lqd-lp-read-more{color:rgb(132, 191, 82);}.ld_blog_69e0fb1c0fcae:hover .lqd-lp-read-more{color:rgb(255, 255, 255);}.ld_blog_69e0fb1c0fcae .lqd-lp-row{margin-inline-start:-15px;margin-inline-end:-15px;}.ld_blog_69e0fb1c0fcae .lqd-lp-column{padding-inline-start:15px;padding-inline-end:15px;margin-bottom:30px;}.ld_blog_69e0fb1c0fcae .lqd-lp .lqd-lp-title{margin-top:px !important;margin-bottom:px !important;}.ld_blog_69e0fb1c0fcae .lqd-lp .lqd-lp-title a{color:rgb(255, 255, 255);}.ld_blog_69e0fb1c0fcae .lqd-lp:hover .lqd-lp-title a{color:rgb(132, 191, 82);}<\/style><div class=\"lqd-lp-grid ld_blog_69e0fb1c0fcae lqd-1615193104816-fe8a587c-ea42\">\n<div class=\"row\">\n\t<div class=\"col-md-12\">\t\t\t\t\t\n\t\t<div class=\"liquid-filter-items align-items-center\">\t\n\t\t\t<div class=\"liquid-filter-items\">\n\t\t\t\t\n\t\t\t\t\n\t\t\t\t<ul class=\"filter-list filter-list-inline   filter-list-decorated filters-underline text-uppercase ltr-sp-1 font-weight-normal d-flex align-items-center hidden-xs hidden-sm\" id=\"filtrs\">\n\t\t\t\t\t<li class=\"active\" data-filter=\"*\"><span>Visi raksti<\/span><\/li>\n\t\t\t\t\t<li data-filter=\".ediens-un-vins\"><span>\u0112diens un v\u012bns<\/span><\/li><li data-filter=\".ieteikumi\"><span>Ieteikumi<\/span><\/li><li data-filter=\".mode\"><span>Mode<\/span><\/li>\t\t\t\t<\/ul>\n\n\t\t\t\t<div class=\"lqd-filter-dropdown visible-xs visible-sm\" data-form-options='{ \"dropdownAppendTo\": \"self\" }'>\n\t\t\t\t\t<select name=\"lqd-filter-dropdown-filtrs\" id=\"lqd-filter-dropdown-filtrs\">\n\t\t\t\t\t\t<option selected data-filter=\"*\" value=\"*\">Visi raksti<\/option>\n\t\t\t\t\t\t<option data-filter=\".ediens-un-vins\" value=\".ediens-un-vins\">\u0112diens un v\u012bns<\/option><option data-filter=\".ieteikumi\" value=\".ieteikumi\">Ieteikumi<\/option><option data-filter=\".mode\" value=\".mode\">Mode<\/option>\t\t\t\t\t<\/select>\n\t\t\t\t<\/div>\n\t\t\t\t\t\n\t\t\t\t\t\t\t\t\t\n\t\t\t\t\t\n\t\t\t<\/div>\n\t\t<\/div>\n\t<\/div>\n<\/div><div class=\"lqd-lp-row row d-flex flex-wrap\" data-liquid-masonry=\"true\" data-masonry-options='{ \"filtersID\": \"#filtrs\",\"itemSelector\": \".lqd-lp-column\" }'><div class=\"lqd-lp-column col-md-4 col-sm-6 ieteikumi\"><article id=\"post-1350\" class=\"lqd-lp lqd-lp lqd-lp-style-17 lqd-lp-img-cover lqd-lp-title-40 pos-rel d-flex flex-wrap round overflow-hidden h-pt-125 post-1350 post type-post status-publish format-standard has-post-thumbnail hentry category-ieteikumi\">\n\n<div class=\"lqd-lp-img lqd-overlay\">\n\t<figure class=\"pos-rel bg-cover bg-center w-100\"><img decoding=\"async\" width=\"800\" height=\"1050\" src=\"https:\/\/whitesensepicnic.com\/wp-content\/uploads\/2025\/11\/Pikniks2016_0023-800x1050.jpg\" class=\"w-100 wp-post-image\" alt=\"\" itemprop=\"image\" \/><\/figure><\/div>\n\n<div class=\"lqd-lp-inner lqd-overlay d-flex flex-column justify-content-end pt-6 pb-6 ps-4 pe-4 px-4\">\n\t\n\t<div class=\"lqd-lp-content-bg lqd-overlay\"><\/div>\n\n\t<header class=\"lqd-lp-header mb-2\">\n\t\t<div class=\"lqd-lp-meta\">\n\t\t\t<div><span class=\"screen-reader-text\">Tags <\/span><ul class=\"lqd-lp-cat lqd-lp-cat reset-ul inline-ul pos-rel z-index-3\"><li><a href=\"https:\/\/whitesensepicnic.com\/en\/category\/ieteikumi\/\" rel=\"category\">Ieteikumi<\/a><\/li><\/ul><\/div>\t\t<\/div>\n\t\t<div class=\"lqd-lp-header-bottom pos-rel\">\n\t\t\t<h2 class=\"entry-title lqd-lp-title mt-2 mb-0 h5\"><a  href=\"https:\/\/whitesensepicnic.com\/en\/ka-sagatavoties-atbilstosi-laikapstakliem\/\" rel=\"bookmark\">K\u0101 sagatavoties atbilsto\u0161i laikapst\u0101k\u013ciem<\/a><\/h2>\t\t<\/div>\n\t<\/header>\n\n\t\t\t<footer class=\"lqd-lp-footer pos-rel z-index-2 pt-1\">\n\t\t\t<a href=\"https:\/\/whitesensepicnic.com\/en\/ka-sagatavoties-atbilstosi-laikapstakliem\/\" class=\"btn btn-naked text-uppercase ltr-sp-1 size-sm font-weight-bold lqd-lp-read-more\">\n\t\t\t\t<span class=\"btn-line btn-line-before d-inline-block pos-rel\"><\/span>\n\t\t\t\t<span class=\"btn-txt d-inline-block\">Continue Reading<\/span>\n\t\t\t\t<span class=\"btn-line btn-line-after d-inline-block pos-rel\">\n\t\t\t\t\t<svg class=\"d-inline-block pos-abs\" xmlns=\"http:\/\/www.w3.org\/2000\/svg\" width=\"12\" height=\"32\" viewbox=\"0 0 12 32\" style=\"height: 2em;\"><path fill=\"currentColor\" d=\"M8.375 16L.437 8.062C-.125 7.5-.125 6.5.438 5.938s1.563-.563 2.126 0l9 9c.562.562.624 1.5.062 2.062l-9.063 9.063c-.312.312-.687.437-1.062.437s-.75-.125-1.063-.438c-.562-.562-.562-1.562 0-2.125z\"><\/path><\/svg>\n\t\t\t\t<\/span>\n\t\t\t<\/a>\n\t\t<\/footer>\n\t<\/div>\n\n<a  href=\"https:\/\/whitesensepicnic.com\/en\/ka-sagatavoties-atbilstosi-laikapstakliem\/\" class=\"lqd-lp-overlay-link lqd-overlay z-index-2\" tab-index=\"-1\"><\/a><\/article><\/div><div class=\"lqd-lp-column col-md-4 col-sm-6 ieteikumi\"><article id=\"post-852\" class=\"lqd-lp lqd-lp lqd-lp-style-17 lqd-lp-img-cover lqd-lp-title-40 pos-rel d-flex flex-wrap round overflow-hidden h-pt-125 post-852 post type-post status-publish format-standard has-post-thumbnail hentry category-ieteikumi\">\n\n<div class=\"lqd-lp-img lqd-overlay\">\n\t<figure class=\"pos-rel bg-cover bg-center w-100\"><img decoding=\"async\" width=\"800\" height=\"682\" src=\"data:image\/svg+xml;charset=utf-8,%3Csvg xmlns%3D&#039;http%3A%2F%2Fwww.w3.org%2F2000%2Fsvg&#039; viewBox%3D&#039;0 0 800 682&#039;%2F%3E\" class=\"w-100 ld-lazyload wp-post-image\" alt=\"\" itemprop=\"image\" data-src=\"https:\/\/whitesensepicnic.com\/wp-content\/uploads\/2025\/09\/2017Pikniks_Promo_0067-1024x682-1-800x682.jpg\" data-aspect=\"1.1730205278592\" \/><\/figure><\/div>\n\n<div class=\"lqd-lp-inner lqd-overlay d-flex flex-column justify-content-end pt-6 pb-6 ps-4 pe-4 px-4\">\n\t\n\t<div class=\"lqd-lp-content-bg lqd-overlay\"><\/div>\n\n\t<header class=\"lqd-lp-header mb-2\">\n\t\t<div class=\"lqd-lp-meta\">\n\t\t\t<div><span class=\"screen-reader-text\">Tags <\/span><ul class=\"lqd-lp-cat lqd-lp-cat reset-ul inline-ul pos-rel z-index-3\"><li><a href=\"https:\/\/whitesensepicnic.com\/en\/category\/ieteikumi\/\" rel=\"category\">Ieteikumi<\/a><\/li><\/ul><\/div>\t\t<\/div>\n\t\t<div class=\"lqd-lp-header-bottom pos-rel\">\n\t\t\t<h2 class=\"entry-title lqd-lp-title mt-2 mb-0 h5\"><a  href=\"https:\/\/whitesensepicnic.com\/en\/ko-nemt-lidzi\/\" rel=\"bookmark\">Ko \u0146emt l\u012bdzi<\/a><\/h2>\t\t<\/div>\n\t<\/header>\n\n\t\t\t<footer class=\"lqd-lp-footer pos-rel z-index-2 pt-1\">\n\t\t\t<a href=\"https:\/\/whitesensepicnic.com\/en\/ko-nemt-lidzi\/\" class=\"btn btn-naked text-uppercase ltr-sp-1 size-sm font-weight-bold lqd-lp-read-more\">\n\t\t\t\t<span class=\"btn-line btn-line-before d-inline-block pos-rel\"><\/span>\n\t\t\t\t<span class=\"btn-txt d-inline-block\">Continue Reading<\/span>\n\t\t\t\t<span class=\"btn-line btn-line-after d-inline-block pos-rel\">\n\t\t\t\t\t<svg class=\"d-inline-block pos-abs\" xmlns=\"http:\/\/www.w3.org\/2000\/svg\" width=\"12\" height=\"32\" viewbox=\"0 0 12 32\" style=\"height: 2em;\"><path fill=\"currentColor\" d=\"M8.375 16L.437 8.062C-.125 7.5-.125 6.5.438 5.938s1.563-.563 2.126 0l9 9c.562.562.624 1.5.062 2.062l-9.063 9.063c-.312.312-.687.437-1.062.437s-.75-.125-1.063-.438c-.562-.562-.562-1.562 0-2.125z\"><\/path><\/svg>\n\t\t\t\t<\/span>\n\t\t\t<\/a>\n\t\t<\/footer>\n\t<\/div>\n\n<a  href=\"https:\/\/whitesensepicnic.com\/en\/ko-nemt-lidzi\/\" class=\"lqd-lp-overlay-link lqd-overlay z-index-2\" tab-index=\"-1\"><\/a><\/article><\/div><\/div><!--\/ .row --><\/div><!--\/ .lqd-lp-grid --><\/div><\/div><\/div><\/div><\/div><\/section>","protected":false},"excerpt":{"rendered":"Saraksts ar tliet\u0101m, kuras Jums b\u016bs nepiecie\u0161amas dodoties uz pop-up vakari\u0146\u0101m. Balts galdauts\u00a0galda izm\u0113rs 2,20 cm x 70 cm, augstums 78 cm. Galdi tiek izvietoti gar\u0101s rind\u0101s viens pie otra bez atstarp\u0113m.\u00a0Beidzoties vienai komp\u0101nijai, tai blakus s\u0113\u017e n\u0101kam\u0101\u2026 Pie 1 galda var sas\u0113sties 6 cilv\u0113ki.\u00a0 Galda dekori. \u0145emot v\u0113r\u0101 v\u0113ja iesp\u0113jam\u012bbu atkl\u0101t\u0101 viet\u0101, piedom\u0101jiet par [...]","protected":false},"author":1,"featured_media":0,"parent":0,"menu_order":0,"comment_status":"closed","ping_status":"closed","template":"","meta":{"footnotes":""},"class_list":["post-838","page","type-page","status-publish","hentry"],"yoast_head":"<!-- This site is optimized with the Yoast SEO plugin v27.3 - https:\/\/yoast.com\/product\/yoast-seo-wordpress\/ -->\n<title>Jaunumi - White Sense Picnic<\/title>\n<meta name=\"robots\" content=\"index, follow, max-snippet:-1, max-image-preview:large, max-video-preview:-1\" \/>\n<link rel=\"canonical\" href=\"https:\/\/whitesensepicnic.com\/en\/jaunumi\/\" \/>\n<meta property=\"og:locale\" content=\"en_GB\" \/>\n<meta property=\"og:type\" content=\"article\" \/>\n<meta property=\"og:title\" content=\"Jaunumi - White Sense Picnic\" \/>\n<meta property=\"og:url\" content=\"https:\/\/whitesensepicnic.com\/en\/jaunumi\/\" \/>\n<meta property=\"og:site_name\" content=\"White Sense Picnic\" \/>\n<meta property=\"article:modified_time\" content=\"2025-11-20T15:04:30+00:00\" \/>\n<meta name=\"twitter:card\" content=\"summary_large_image\" \/>\n<meta name=\"twitter:label1\" content=\"Estimated reading time\" \/>\n\t<meta name=\"twitter:data1\" content=\"1 minute\" \/>\n<script type=\"application\/ld+json\" class=\"yoast-schema-graph\">{\"@context\":\"https:\\\/\\\/schema.org\",\"@graph\":[{\"@type\":\"WebPage\",\"@id\":\"https:\\\/\\\/whitesensepicnic.com\\\/jaunumi\\\/\",\"url\":\"https:\\\/\\\/whitesensepicnic.com\\\/jaunumi\\\/\",\"name\":\"Jaunumi - White Sense Picnic\",\"isPartOf\":{\"@id\":\"https:\\\/\\\/whitesensepicnic.com\\\/#website\"},\"datePublished\":\"2025-09-11T09:23:58+00:00\",\"dateModified\":\"2025-11-20T15:04:30+00:00\",\"breadcrumb\":{\"@id\":\"https:\\\/\\\/whitesensepicnic.com\\\/jaunumi\\\/#breadcrumb\"},\"inLanguage\":\"en-GB\",\"potentialAction\":[{\"@type\":\"ReadAction\",\"target\":[\"https:\\\/\\\/whitesensepicnic.com\\\/jaunumi\\\/\"]}]},{\"@type\":\"BreadcrumbList\",\"@id\":\"https:\\\/\\\/whitesensepicnic.com\\\/jaunumi\\\/#breadcrumb\",\"itemListElement\":[{\"@type\":\"ListItem\",\"position\":1,\"name\":\"Home\",\"item\":\"https:\\\/\\\/whitesensepicnic.com\\\/\"},{\"@type\":\"ListItem\",\"position\":2,\"name\":\"Jaunumi\"}]},{\"@type\":\"WebSite\",\"@id\":\"https:\\\/\\\/whitesensepicnic.com\\\/#website\",\"url\":\"https:\\\/\\\/whitesensepicnic.com\\\/\",\"name\":\"WiseflowAI\",\"description\":\"Where The Magic Happens\",\"publisher\":{\"@id\":\"https:\\\/\\\/whitesensepicnic.com\\\/#organization\"},\"potentialAction\":[{\"@type\":\"SearchAction\",\"target\":{\"@type\":\"EntryPoint\",\"urlTemplate\":\"https:\\\/\\\/whitesensepicnic.com\\\/?s={search_term_string}\"},\"query-input\":{\"@type\":\"PropertyValueSpecification\",\"valueRequired\":true,\"valueName\":\"search_term_string\"}}],\"inLanguage\":\"en-GB\"},{\"@type\":\"Organization\",\"@id\":\"https:\\\/\\\/whitesensepicnic.com\\\/#organization\",\"name\":\"WiseflowAI\",\"url\":\"https:\\\/\\\/whitesensepicnic.com\\\/\",\"logo\":{\"@type\":\"ImageObject\",\"inLanguage\":\"en-GB\",\"@id\":\"https:\\\/\\\/whitesensepicnic.com\\\/#\\\/schema\\\/logo\\\/image\\\/\",\"url\":\"https:\\\/\\\/whitesensepicnic.com\\\/wp-content\\\/uploads\\\/2025\\\/09\\\/favicon.png\",\"contentUrl\":\"https:\\\/\\\/whitesensepicnic.com\\\/wp-content\\\/uploads\\\/2025\\\/09\\\/favicon.png\",\"width\":512,\"height\":512,\"caption\":\"WiseflowAI\"},\"image\":{\"@id\":\"https:\\\/\\\/whitesensepicnic.com\\\/#\\\/schema\\\/logo\\\/image\\\/\"}}]}<\/script>\n<!-- \/ Yoast SEO plugin. -->","yoast_head_json":{"title":"Jaunumi - White Sense Picnic","robots":{"index":"index","follow":"follow","max-snippet":"max-snippet:-1","max-image-preview":"max-image-preview:large","max-video-preview":"max-video-preview:-1"},"canonical":"https:\/\/whitesensepicnic.com\/en\/jaunumi\/","og_locale":"en_GB","og_type":"article","og_title":"Jaunumi - White Sense Picnic","og_url":"https:\/\/whitesensepicnic.com\/en\/jaunumi\/","og_site_name":"White Sense Picnic","article_modified_time":"2025-11-20T15:04:30+00:00","twitter_card":"summary_large_image","twitter_misc":{"Estimated reading time":"1 minute"},"schema":{"@context":"https:\/\/schema.org","@graph":[{"@type":"WebPage","@id":"https:\/\/whitesensepicnic.com\/jaunumi\/","url":"https:\/\/whitesensepicnic.com\/jaunumi\/","name":"Jaunumi - White Sense Picnic","isPartOf":{"@id":"https:\/\/whitesensepicnic.com\/#website"},"datePublished":"2025-09-11T09:23:58+00:00","dateModified":"2025-11-20T15:04:30+00:00","breadcrumb":{"@id":"https:\/\/whitesensepicnic.com\/jaunumi\/#breadcrumb"},"inLanguage":"en-GB","potentialAction":[{"@type":"ReadAction","target":["https:\/\/whitesensepicnic.com\/jaunumi\/"]}]},{"@type":"BreadcrumbList","@id":"https:\/\/whitesensepicnic.com\/jaunumi\/#breadcrumb","itemListElement":[{"@type":"ListItem","position":1,"name":"Home","item":"https:\/\/whitesensepicnic.com\/"},{"@type":"ListItem","position":2,"name":"Jaunumi"}]},{"@type":"WebSite","@id":"https:\/\/whitesensepicnic.com\/#website","url":"https:\/\/whitesensepicnic.com\/","name":"WiseflowAI","description":"Where The Magic Happens","publisher":{"@id":"https:\/\/whitesensepicnic.com\/#organization"},"potentialAction":[{"@type":"SearchAction","target":{"@type":"EntryPoint","urlTemplate":"https:\/\/whitesensepicnic.com\/?s={search_term_string}"},"query-input":{"@type":"PropertyValueSpecification","valueRequired":true,"valueName":"search_term_string"}}],"inLanguage":"en-GB"},{"@type":"Organization","@id":"https:\/\/whitesensepicnic.com\/#organization","name":"WiseflowAI","url":"https:\/\/whitesensepicnic.com\/","logo":{"@type":"ImageObject","inLanguage":"en-GB","@id":"https:\/\/whitesensepicnic.com\/#\/schema\/logo\/image\/","url":"https:\/\/whitesensepicnic.com\/wp-content\/uploads\/2025\/09\/favicon.png","contentUrl":"https:\/\/whitesensepicnic.com\/wp-content\/uploads\/2025\/09\/favicon.png","width":512,"height":512,"caption":"WiseflowAI"},"image":{"@id":"https:\/\/whitesensepicnic.com\/#\/schema\/logo\/image\/"}}]}},"_links":{"self":[{"href":"https:\/\/whitesensepicnic.com\/en\/wp-json\/wp\/v2\/pages\/838","targetHints":{"allow":["GET"]}}],"collection":[{"href":"https:\/\/whitesensepicnic.com\/en\/wp-json\/wp\/v2\/pages"}],"about":[{"href":"https:\/\/whitesensepicnic.com\/en\/wp-json\/wp\/v2\/types\/page"}],"author":[{"embeddable":true,"href":"https:\/\/whitesensepicnic.com\/en\/wp-json\/wp\/v2\/users\/1"}],"replies":[{"embeddable":true,"href":"https:\/\/whitesensepicnic.com\/en\/wp-json\/wp\/v2\/comments?post=838"}],"version-history":[{"count":0,"href":"https:\/\/whitesensepicnic.com\/en\/wp-json\/wp\/v2\/pages\/838\/revisions"}],"wp:attachment":[{"href":"https:\/\/whitesensepicnic.com\/en\/wp-json\/wp\/v2\/media?parent=838"}],"curies":[{"name":"wp","href":"https:\/\/api.w.org\/{rel}","templated":true}]}}