{"id":1963,"date":"2025-11-21T14:13:54","date_gmt":"2025-11-21T14:13:54","guid":{"rendered":"https:\/\/whitesensepicnic.com\/?page_id=1963"},"modified":"2025-11-21T14:26:38","modified_gmt":"2025-11-21T14:26:38","slug":"kontakti","status":"publish","type":"page","link":"https:\/\/whitesensepicnic.com\/en\/kontakti\/","title":{"rendered":"Kontakti"},"content":{"rendered":"<p><style>@media (min-width: 992px) { .liquid-row-responsive-69e0fafea40bf {padding-top:170px !important;  }  }    <\/style><section data-row-bg=\"https:\/\/whitesensepicnic.com\/wp-content\/uploads\/2025\/09\/Pikniks2017_0277.jpg?id=1022\" style=\"background-position:center bottom !important;\" data-bg-image=\"url\" class=\"vc_row vc_custom_1763584734365 liquid-row-responsive-69e0fafea40bf liquid-row-shadowbox-69e0fafea40fc vc_row-has-fill vc_row-has-bg lqd-has-bg-markup row-bg-appended\"><span class=\"row-bg-loader\"><\/span><div class=\"row-bg-wrap\">\n\t\t<div class=\"row-bg-inner\">\n\t\t\t<figure class=\"row-bg\" ><\/figure>\n\t\t<\/div>\n\t<\/div><div class=\"liquid-row-overlay\" style=\"background:rgba(0, 0, 0, 0.5)\"><\/div><div class=\"ld-container container\"><div class=\"row ld-row ld-row-outer vc_row-o-content-middle vc_row-flex\"><div class=\"wpb_column vc_column_container vc_col-sm-12 vc_col-md-offset-3 vc_col-md-6 text-center liquid-column-69e0fafea46e5\"><div class=\"vc_column-inner  \" ><div class=\"wpb_wrapper\"  ><style>.ld_fancy_heading_69e0fafea4ad9 h2{color:rgb(255, 255, 255);}.ld_fancy_heading_69e0fafea4ad9 .lqd-highlight-inner{height:0.275em!important;bottom:0px!important;}<\/style><div class=\"ld-fancy-heading mask-text ld_fancy_heading_69e0fafea4ad9\">\n\t<h2 class=\"ld-fh-element lqd-highlight-underline lqd-highlight-grow-left text-decoration-default lqd-split-lines\"   data-split-text=\"true\" data-split-options='{\"type\":\"lines\"}'>  Sazi\u0146a<\/h2><\/div><style>.ld_fancy_heading_69e0fafea4ff7 p{color:rgb(255, 255, 255);}.ld_fancy_heading_69e0fafea4ff7 p {margin-bottom:40px !important;  } .ld_fancy_heading_69e0fafea4ff7 .lqd-highlight-inner{height:0.275em!important;bottom:0px!important;}.ld_fancy_heading_69e0fafea4ff7 p {margin-bottom:40px !important;  } <\/style><div class=\"ld-fancy-heading mask-text ld_fancy_heading_69e0fafea4ff7\">\n\t<p class=\"ld-fh-element lqd-highlight-underline lqd-highlight-grow-left text-decoration-default lqd-split-lines\"   data-split-text=\"true\" data-split-options='{\"type\":\"lines\"}'>  Esam \u0161eit, lai risin\u0101tu Jums aktu\u0101los jaut\u0101jumus par pas\u0101kuma norisi un J\u016bsu dal\u012bbu.<\/p><\/div><\/div><\/div><\/div><\/div><\/div><\/section><style>@media (min-width: 992px) { .liquid-row-responsive-69e0fafea545a {padding-top:80px !important;  }  }    <\/style><section data-row-bg=\"https:\/\/classicsaaspro.liquid-themes.com\/wp-content\/uploads\/2020\/12\/bg.svg?id=239\" style=\"background-position:center bottom !important;\" data-bg-image=\"url\" class=\"vc_row vc_custom_1763735150528 liquid-row-responsive-69e0fafea545a liquid-row-shadowbox-69e0fafea5480 vc_row-has-fill vc_row-has-bg lqd-has-bg-markup row-bg-appended vc_row-o-full-height\"><span class=\"row-bg-loader\"><\/span><div class=\"row-bg-wrap\">\n\t\t<div class=\"row-bg-inner\">\n\t\t\t<figure class=\"row-bg\" ><\/figure>\n\t\t<\/div>\n\t<\/div><div class=\"ld-container container\"><div class=\"row ld-row ld-row-outer vc_row-no-column-align vc_row-o-content-middle vc_row-flex\"><div class=\"wpb_column vc_column_container vc_col-sm-12 vc_col-lg-5 vc_col-md-6 liquid-column-69e0fafea591a\"><div class=\"vc_column-inner  \" ><div class=\"wpb_wrapper\"  ><style>@media (min-width: 768px) { .ld_fancy_heading_69e0fafea5d08 h2 {font-size:60px; }  } .ld_fancy_heading_69e0fafea5d08 h2 {margin-bottom:0.1em !important;  } .ld_fancy_heading_69e0fafea5d08 .lqd-highlight-inner{height:0.275em!important;bottom:0px!important;}@media (min-width: 768px) { .ld_fancy_heading_69e0fafea5d08 h2 {font-size:60px; }  } .ld_fancy_heading_69e0fafea5d08 h2 {margin-bottom:0.1em !important;  } <\/style><div class=\"ld-fancy-heading ld_fancy_heading_69e0fafea5d08\">\n\t<h2 class=\"ld-fh-element lqd-highlight-underline lqd-highlight-grow-left text-decoration-default\"   >  Kontakti<\/h2><\/div><style>.ld_fancy_heading_69e0fafea6126 p{color:rgb(34, 36, 58);}.ld_fancy_heading_69e0fafea6126 p {font-size:17px; } .ld_fancy_heading_69e0fafea6126 .lqd-highlight-inner{height:0.275em!important;bottom:0px!important;}.ld_fancy_heading_69e0fafea6126 p {font-size:17px; } <\/style><div class=\"ld-fancy-heading ld_fancy_heading_69e0fafea6126\">\n\t<p class=\"ld-fh-element lqd-highlight-underline lqd-highlight-grow-left text-decoration-default\"   >  \u0112rt\u0101kai sazi\u0146ai, izmantojiet blakus redzamo formu.<\/p><\/div><div class=\"vc_row vc_inner vc_row-fluid vc_custom_1608560196551 liquid-row-shadowbox-69e0fafea64a0\"><div class=\"ld-container container-fluid\"><div class=\"row ld-row ld-row-inner\"><div class=\"wpb_column vc_column_container vc_col-sm-6 liquid-column-69e0fafea691d\"><div class=\"vc_column-inner \" ><div class=\"wpb_wrapper\" ><style>.ld_fancy_heading_69e0fafea6cf9 p{color:rgb(0, 0, 0);}.ld_fancy_heading_69e0fafea6cf9 p {font-size:14px; } .ld_fancy_heading_69e0fafea6cf9 p {line-height:1.3em; } .ld_fancy_heading_69e0fafea6cf9 p {--element-line-height:1.3em; } .ld_fancy_heading_69e0fafea6cf9 p {margin-bottom:1em !important;  } .ld_fancy_heading_69e0fafea6cf9 .lqd-highlight-inner{height:0.275em!important;bottom:0px!important;}.ld_fancy_heading_69e0fafea6cf9 p {font-size:14px; } .ld_fancy_heading_69e0fafea6cf9 p {line-height:1.3em; } .ld_fancy_heading_69e0fafea6cf9 p {--element-line-height:1.3em; } .ld_fancy_heading_69e0fafea6cf9 p {margin-bottom:1em !important;  } <\/style><div class=\"ld-fancy-heading ld_fancy_heading_69e0fafea6cf9\">\n\t<p class=\"ld-fh-element lqd-highlight-underline lqd-highlight-grow-left text-decoration-default\"   >  Dro\u0161i zvaniet,<br \/>ja k\u0101di jaut\u0101jumi<\/p><\/div><style>.ld_fancy_heading_69e0fafea7710 p{color:#f1b434;}.ld_fancy_heading_69e0fafea7710 p {font-size:14px; } .ld_fancy_heading_69e0fafea7710 p {line-height:1.2em; } .ld_fancy_heading_69e0fafea7710 p {--element-line-height:1.2em; } .ld_fancy_heading_69e0fafea7710 .lqd-highlight-inner{height:0.275em!important;bottom:0px!important;}.ld_fancy_heading_69e0fafea7710 p {font-size:14px; } .ld_fancy_heading_69e0fafea7710 p {line-height:1.2em; } .ld_fancy_heading_69e0fafea7710 p {--element-line-height:1.2em; } <\/style><div class=\"ld-fancy-heading ld_fancy_heading_69e0fafea7710\">\n\t<p class=\"ld-fh-element lqd-highlight-underline lqd-highlight-grow-left text-decoration-default\"   >  <span style=\"color: #84bf52\"><a style=\"color: #84bf52\" href=\"tel:+37129668000\" target=\"_blank\" rel=\"noopener\">+371 29 668 000<\/a><\/span><\/p><\/div><style>.ld_spacer_69e0fafea7a4e{height:32px;}<\/style>\n<div class=\"ld-empty-space ld_spacer_69e0fafea7a4e\"><\/div><\/div><\/div><\/div><div class=\"wpb_column vc_column_container vc_col-sm-6 liquid-column-69e0fafea84ed\"><div class=\"vc_column-inner \" ><div class=\"wpb_wrapper\" ><style>.ld_fancy_heading_69e0fafea884a p{color:rgb(0, 0, 0);}.ld_fancy_heading_69e0fafea884a p {font-size:14px; } .ld_fancy_heading_69e0fafea884a p {line-height:1.3em; } .ld_fancy_heading_69e0fafea884a p {--element-line-height:1.3em; } .ld_fancy_heading_69e0fafea884a p {margin-bottom:1em !important;  } .ld_fancy_heading_69e0fafea884a .lqd-highlight-inner{height:0.275em!important;bottom:0px!important;}.ld_fancy_heading_69e0fafea884a p {font-size:14px; } .ld_fancy_heading_69e0fafea884a p {line-height:1.3em; } .ld_fancy_heading_69e0fafea884a p {--element-line-height:1.3em; } .ld_fancy_heading_69e0fafea884a p {margin-bottom:1em !important;  } <\/style><div class=\"ld-fancy-heading ld_fancy_heading_69e0fafea884a\">\n\t<p class=\"ld-fh-element lqd-highlight-underline lqd-highlight-grow-left text-decoration-default\"   >  Ja v\u0113lme sadarboties,<br \/>s\u016btiet e-pastu uz<\/p><\/div><style>.ld_fancy_heading_69e0fafea8d2d p {font-size:14px; } .ld_fancy_heading_69e0fafea8d2d p {line-height:1.2em; } .ld_fancy_heading_69e0fafea8d2d p {--element-line-height:1.2em; } .ld_fancy_heading_69e0fafea8d2d .lqd-highlight-inner{height:0.275em!important;bottom:0px!important;}.ld_fancy_heading_69e0fafea8d2d p {font-size:14px; } .ld_fancy_heading_69e0fafea8d2d p {line-height:1.2em; } .ld_fancy_heading_69e0fafea8d2d p {--element-line-height:1.2em; } <\/style><div class=\"ld-fancy-heading ld_fancy_heading_69e0fafea8d2d\">\n\t<p class=\"ld-fh-element lqd-highlight-underline lqd-highlight-grow-left text-decoration-default\"   >  <span style=\"color: #84bf52\"><a style=\"color: #84bf52\" href=\"mailto:info@whitesensepicnic.lv\" target=\"_blank\" rel=\"noopener\">info@whitesensepicnic.lv<\/a><\/span><\/p><\/div><style>.ld_spacer_69e0fafea906a{height:32px;}<\/style>\n<div class=\"ld-empty-space ld_spacer_69e0fafea906a\"><\/div><\/div><\/div><\/div><\/div><\/div><\/div><\/div><\/div><\/div><style>@media (min-width: 768px) { .liquid-column-responsive-69e0fafea947d > .vc_column-inner {padding-right:45px !important; padding-left:45px !important;  }  } @media (min-width: 992px) { .liquid-column-responsive-69e0fafea947d > .vc_column-inner {padding-top:60px !important;  }  } .liquid-column-69e0fafea947b > .vc_column-inner { box-shadow:0px 20px 90px 0px rgba(30, 89, 157, 0.1)}<\/style><div class=\"wpb_column vc_column_container vc_col-sm-12 vc_col-md-offset-1 vc_col-md-6 liquid-column-69e0fafea947b liquid-column-responsive-69e0fafea947d vc_col-has-fill\"><div class=\"vc_column-inner  vc_custom_1756531524879\" ><div class=\"wpb_wrapper\"  ><style>.ld_cf7_69e0fafea9724 input,.ld_cf7_69e0fafea9724 textarea,.ld_cf7_69e0fafea9724 .ui-button.ui-selectmenu-button{font-size:13px;}.ld_cf7_69e0fafea9724 input[type=\"submit\"]{font-size:16px;background:rgb(132, 191, 82);color:rgb(255, 255, 255);border-color:rgb(132, 191, 82);}.ld_cf7_69e0fafea9724 input, .ld_cf7_69e0fafea9724 select, .ld_cf7_69e0fafea9724 textarea, .ld_cf7_69e0fafea9724 .ui-button.ui-selectmenu-button, .ld_cf7_69e0fafea9724 .wpcf7-form-control-wrap > i, .ld_cf7_69e0fafea9724 .wpcf7-radio{color:rgb(90, 102, 126);}.ld_cf7_69e0fafea9724 input:focus, .ld_cf7_69e0fafea9724 select:focus, .ld_cf7_69e0fafea9724 textarea:focus, .ld_cf7_69e0fafea9724 .ui-button.ui-selectmenu-button:hover, .wpcf7-acceptance .wpcf7-list-item-label:after{color:rgb(0, 0, 0);}.ld_cf7_69e0fafea9724 input, .ld_cf7_69e0fafea9724 select, .ld_cf7_69e0fafea9724 textarea, .ld_cf7_69e0fafea9724 .ui-button.ui-selectmenu-button, .ld_cf7_69e0fafea9724 .wpcf7-acceptance .wpcf7-list-item-label:before{border-color:rgba(123, 131, 142, 0.16);}.ld_cf7_69e0fafea9724 input:focus, .ld_cf7_69e0fafea9724 select:focus, .ld_cf7_69e0fafea9724 textarea:focus, .ld_cf7_69e0fafea9724 .ui-button.ui-selectmenu-button:hover{border-color:rgb(90, 102, 126);}.ld_cf7_69e0fafea9724 input[type=\"submit\"]:focus,.ld_cf7_69e0fafea9724 input[type=\"submit\"]:hover{background:rgb(0, 0, 0);}.ld_cf7_69e0fafea9724 input[type=\"submit\"]:hover{border-color:rgb(0, 0, 0);}.ld_cf7_69e0fafea9724 .wpcf7-form-control-wrap{margin-bottom:18px;}<\/style><div id=\"ld_cf7_69e0fafea9724\" class=\"lqd-contact-form lqd-contact-form-button-block ld_cf7_69e0fafea9724 vc_custom_1763735193614\">\n\t\n<div class=\"wpcf7 no-js\" id=\"wpcf7-f286-o1\" lang=\"en-GB\" dir=\"ltr\" data-wpcf7-id=\"286\">\n<div class=\"screen-reader-response\"><p role=\"status\" aria-live=\"polite\" aria-atomic=\"true\"><\/p> <ul><\/ul><\/div>\n<form action=\"\/en\/wp-json\/wp\/v2\/pages\/1963#wpcf7-f286-o1\" method=\"post\" class=\"wpcf7-form init wpcf7-acceptance-as-validation\" aria-label=\"Contact form\" novalidate=\"novalidate\" data-status=\"init\">\n<fieldset class=\"hidden-fields-container\"><input type=\"hidden\" name=\"_wpcf7\" value=\"286\" \/><input type=\"hidden\" name=\"_wpcf7_version\" value=\"6.1.5\" \/><input type=\"hidden\" name=\"_wpcf7_locale\" value=\"en_GB\" \/><input type=\"hidden\" name=\"_wpcf7_unit_tag\" value=\"wpcf7-f286-o1\" \/><input type=\"hidden\" name=\"_wpcf7_container_post\" value=\"0\" \/><input type=\"hidden\" name=\"_wpcf7_posted_data_hash\" value=\"\" \/>\n<\/fieldset>\n<div class=\"row\">\n\t<div class=\"col-md-6\">\n\t\t<p><span class=\"wpcf7-form-control-wrap\" data-name=\"full-name\"><input size=\"40\" maxlength=\"400\" class=\"wpcf7-form-control wpcf7-text wpcf7-validates-as-required\" aria-required=\"true\" aria-invalid=\"false\" placeholder=\"J\u016bsu v\u0101rds\" value=\"\" type=\"text\" name=\"full-name\" \/><\/span>\n\t\t<\/p>\n\t<\/div>\n\t<div class=\"col-md-6\">\n\t\t<p><span class=\"wpcf7-form-control-wrap\" data-name=\"your-email\"><input size=\"40\" maxlength=\"400\" class=\"wpcf7-form-control wpcf7-email wpcf7-validates-as-required wpcf7-text wpcf7-validates-as-email\" aria-required=\"true\" aria-invalid=\"false\" placeholder=\"E-pasta adrese\" value=\"\" type=\"email\" name=\"your-email\" \/><\/span>\n\t\t<\/p>\n\t<\/div>\n\t<div class=\"col-md-6\">\n\t\t<p><span class=\"wpcf7-form-control-wrap\" data-name=\"your-telephone\"><input size=\"40\" maxlength=\"400\" class=\"wpcf7-form-control wpcf7-tel wpcf7-text wpcf7-validates-as-tel\" aria-invalid=\"false\" placeholder=\"T\u0101lru\u0146a numurs\" value=\"\" type=\"tel\" name=\"your-telephone\" \/><\/span>\n\t\t<\/p>\n\t<\/div>\n\t<div class=\"col-md-6\">\n\t\t<p><span class=\"wpcf7-form-control-wrap\" data-name=\"your-subject\"><select class=\"wpcf7-form-control wpcf7-select wpcf7-validates-as-required\" aria-required=\"true\" aria-invalid=\"false\" name=\"your-subject\"><option value=\"\">K\u0101 varam Jums pal\u012bdz\u0113t?<\/option><option value=\"Vietas rezerv\u0101cija\">Vietas rezerv\u0101cija<\/option><option value=\"Piknika grozi\">Piknika grozi<\/option><option value=\"Sadarb\u012bbas iesp\u0113jas\">Sadarb\u012bbas iesp\u0113jas<\/option><option value=\"Cits\">Cits<\/option><\/select><\/span>\n\t\t<\/p>\n\t<\/div>\n\t<div class=\"col-md-12\">\n\t\t<p><span class=\"wpcf7-form-control-wrap\" data-name=\"your-message\"><textarea cols=\"10\" rows=\"4\" maxlength=\"2000\" class=\"wpcf7-form-control wpcf7-textarea wpcf7-validates-as-required\" aria-required=\"true\" aria-invalid=\"false\" placeholder=\"Past\u0101stiet vair\u0101k, kas J\u016bs interes\u0113\" name=\"your-message\"><\/textarea><\/span>\n\t\t<\/p>\n\t<\/div>\n\t<div class=\"col-md-12\">\n\t\t<p><span class=\"wpcf7-form-control-wrap\" data-name=\"acceptance-89\"><span class=\"wpcf7-form-control wpcf7-acceptance\"><span class=\"wpcf7-list-item\"><label><input type=\"checkbox\" name=\"acceptance-89\" value=\"1\" checked=\"checked\" aria-invalid=\"false\" \/><span class=\"wpcf7-list-item-label\"><span>Atst\u0101jot atz\u012bm\u0113tu lodzi\u0146u, J\u016bs piekr\u012btat m\u016bsu <a href=\"https:\/\/whitesensepicnic.com\/privatuma-politika\/\" target=\"_blank\" style=\"color:#691B33\">priv\u0101tuma politikai<\/a>, lai ar Jums sazin\u0101tos.<\/span><\/span><\/label><\/span><\/span><\/span>\n\t\t<\/p>\n\t<\/div>\n\t<div class=\"col-md-12\">\n\t\t<p><input class=\"wpcf7-form-control wpcf7-submit has-spinner\" type=\"submit\" value=\"NOS\u016aT\u012aT\" \/>\n\t\t<\/p>\n\t<\/div>\n<\/div><div class=\"wpcf7-response-output\" aria-hidden=\"true\"><\/div>\n<\/form>\n<\/div>\n<\/div><\/div><\/div><\/div><\/div><\/div><\/section>\n","protected":false},"excerpt":{"rendered":"Sazi\u0146a Esam \u0161eit, lai risin\u0101tu Jums aktu\u0101los jaut\u0101jumus par pas\u0101kuma norisi un J\u016bsu dal\u012bbu. Kontakti \u0112rt\u0101kai sazi\u0146ai, izmantojiet blakus redzamo formu. Dro\u0161i zvaniet,ja k\u0101di jaut\u0101jumi +371 29 668 000 Ja v\u0113lme sadarboties,s\u016btiet e-pastu uz info@whitesensepicnic.lv K\u0101 varam Jums pal\u012bdz\u0113t?Vietas rezerv\u0101cijaPiknika groziSadarb\u012bbas iesp\u0113jasCits Atst\u0101jot atz\u012bm\u0113tu lodzi\u0146u, J\u016bs piekr\u012btat m\u016bsu priv\u0101tuma politikai, lai ar Jums sazin\u0101tos.","protected":false},"author":1,"featured_media":0,"parent":0,"menu_order":0,"comment_status":"closed","ping_status":"closed","template":"","meta":{"footnotes":""},"class_list":["post-1963","page","type-page","status-publish","hentry"],"yoast_head":"<!-- This site is optimized with the Yoast SEO plugin v27.3 - https:\/\/yoast.com\/product\/yoast-seo-wordpress\/ -->\n<title>Kontakti - White Sense Picnic<\/title>\n<meta name=\"robots\" content=\"index, follow, max-snippet:-1, max-image-preview:large, max-video-preview:-1\" \/>\n<link rel=\"canonical\" href=\"https:\/\/whitesensepicnic.com\/en\/kontakti\/\" \/>\n<meta property=\"og:locale\" content=\"en_GB\" \/>\n<meta property=\"og:type\" content=\"article\" \/>\n<meta property=\"og:title\" content=\"Kontakti - White Sense Picnic\" \/>\n<meta property=\"og:url\" content=\"https:\/\/whitesensepicnic.com\/en\/kontakti\/\" \/>\n<meta property=\"og:site_name\" content=\"White Sense Picnic\" \/>\n<meta property=\"article:modified_time\" content=\"2025-11-21T14:26:38+00:00\" \/>\n<meta name=\"twitter:card\" content=\"summary_large_image\" \/>\n<meta name=\"twitter:label1\" content=\"Estimated reading time\" \/>\n\t<meta name=\"twitter:data1\" content=\"2 minutes\" \/>\n<script type=\"application\/ld+json\" class=\"yoast-schema-graph\">{\"@context\":\"https:\\\/\\\/schema.org\",\"@graph\":[{\"@type\":\"WebPage\",\"@id\":\"https:\\\/\\\/whitesensepicnic.com\\\/kontakti\\\/\",\"url\":\"https:\\\/\\\/whitesensepicnic.com\\\/kontakti\\\/\",\"name\":\"Kontakti - White Sense Picnic\",\"isPartOf\":{\"@id\":\"https:\\\/\\\/whitesensepicnic.com\\\/#website\"},\"datePublished\":\"2025-11-21T14:13:54+00:00\",\"dateModified\":\"2025-11-21T14:26:38+00:00\",\"breadcrumb\":{\"@id\":\"https:\\\/\\\/whitesensepicnic.com\\\/kontakti\\\/#breadcrumb\"},\"inLanguage\":\"en-GB\",\"potentialAction\":[{\"@type\":\"ReadAction\",\"target\":[\"https:\\\/\\\/whitesensepicnic.com\\\/kontakti\\\/\"]}]},{\"@type\":\"BreadcrumbList\",\"@id\":\"https:\\\/\\\/whitesensepicnic.com\\\/kontakti\\\/#breadcrumb\",\"itemListElement\":[{\"@type\":\"ListItem\",\"position\":1,\"name\":\"Home\",\"item\":\"https:\\\/\\\/whitesensepicnic.com\\\/\"},{\"@type\":\"ListItem\",\"position\":2,\"name\":\"Kontakti\"}]},{\"@type\":\"WebSite\",\"@id\":\"https:\\\/\\\/whitesensepicnic.com\\\/#website\",\"url\":\"https:\\\/\\\/whitesensepicnic.com\\\/\",\"name\":\"WiseflowAI\",\"description\":\"Where The Magic Happens\",\"publisher\":{\"@id\":\"https:\\\/\\\/whitesensepicnic.com\\\/#organization\"},\"potentialAction\":[{\"@type\":\"SearchAction\",\"target\":{\"@type\":\"EntryPoint\",\"urlTemplate\":\"https:\\\/\\\/whitesensepicnic.com\\\/?s={search_term_string}\"},\"query-input\":{\"@type\":\"PropertyValueSpecification\",\"valueRequired\":true,\"valueName\":\"search_term_string\"}}],\"inLanguage\":\"en-GB\"},{\"@type\":\"Organization\",\"@id\":\"https:\\\/\\\/whitesensepicnic.com\\\/#organization\",\"name\":\"WiseflowAI\",\"url\":\"https:\\\/\\\/whitesensepicnic.com\\\/\",\"logo\":{\"@type\":\"ImageObject\",\"inLanguage\":\"en-GB\",\"@id\":\"https:\\\/\\\/whitesensepicnic.com\\\/#\\\/schema\\\/logo\\\/image\\\/\",\"url\":\"https:\\\/\\\/whitesensepicnic.com\\\/wp-content\\\/uploads\\\/2025\\\/09\\\/favicon.png\",\"contentUrl\":\"https:\\\/\\\/whitesensepicnic.com\\\/wp-content\\\/uploads\\\/2025\\\/09\\\/favicon.png\",\"width\":512,\"height\":512,\"caption\":\"WiseflowAI\"},\"image\":{\"@id\":\"https:\\\/\\\/whitesensepicnic.com\\\/#\\\/schema\\\/logo\\\/image\\\/\"}}]}<\/script>\n<!-- \/ Yoast SEO plugin. -->","yoast_head_json":{"title":"Kontakti - White Sense Picnic","robots":{"index":"index","follow":"follow","max-snippet":"max-snippet:-1","max-image-preview":"max-image-preview:large","max-video-preview":"max-video-preview:-1"},"canonical":"https:\/\/whitesensepicnic.com\/en\/kontakti\/","og_locale":"en_GB","og_type":"article","og_title":"Kontakti - White Sense Picnic","og_url":"https:\/\/whitesensepicnic.com\/en\/kontakti\/","og_site_name":"White Sense Picnic","article_modified_time":"2025-11-21T14:26:38+00:00","twitter_card":"summary_large_image","twitter_misc":{"Estimated reading time":"2 minutes"},"schema":{"@context":"https:\/\/schema.org","@graph":[{"@type":"WebPage","@id":"https:\/\/whitesensepicnic.com\/kontakti\/","url":"https:\/\/whitesensepicnic.com\/kontakti\/","name":"Kontakti - White Sense Picnic","isPartOf":{"@id":"https:\/\/whitesensepicnic.com\/#website"},"datePublished":"2025-11-21T14:13:54+00:00","dateModified":"2025-11-21T14:26:38+00:00","breadcrumb":{"@id":"https:\/\/whitesensepicnic.com\/kontakti\/#breadcrumb"},"inLanguage":"en-GB","potentialAction":[{"@type":"ReadAction","target":["https:\/\/whitesensepicnic.com\/kontakti\/"]}]},{"@type":"BreadcrumbList","@id":"https:\/\/whitesensepicnic.com\/kontakti\/#breadcrumb","itemListElement":[{"@type":"ListItem","position":1,"name":"Home","item":"https:\/\/whitesensepicnic.com\/"},{"@type":"ListItem","position":2,"name":"Kontakti"}]},{"@type":"WebSite","@id":"https:\/\/whitesensepicnic.com\/#website","url":"https:\/\/whitesensepicnic.com\/","name":"WiseflowAI","description":"Where The Magic Happens","publisher":{"@id":"https:\/\/whitesensepicnic.com\/#organization"},"potentialAction":[{"@type":"SearchAction","target":{"@type":"EntryPoint","urlTemplate":"https:\/\/whitesensepicnic.com\/?s={search_term_string}"},"query-input":{"@type":"PropertyValueSpecification","valueRequired":true,"valueName":"search_term_string"}}],"inLanguage":"en-GB"},{"@type":"Organization","@id":"https:\/\/whitesensepicnic.com\/#organization","name":"WiseflowAI","url":"https:\/\/whitesensepicnic.com\/","logo":{"@type":"ImageObject","inLanguage":"en-GB","@id":"https:\/\/whitesensepicnic.com\/#\/schema\/logo\/image\/","url":"https:\/\/whitesensepicnic.com\/wp-content\/uploads\/2025\/09\/favicon.png","contentUrl":"https:\/\/whitesensepicnic.com\/wp-content\/uploads\/2025\/09\/favicon.png","width":512,"height":512,"caption":"WiseflowAI"},"image":{"@id":"https:\/\/whitesensepicnic.com\/#\/schema\/logo\/image\/"}}]}},"_links":{"self":[{"href":"https:\/\/whitesensepicnic.com\/en\/wp-json\/wp\/v2\/pages\/1963","targetHints":{"allow":["GET"]}}],"collection":[{"href":"https:\/\/whitesensepicnic.com\/en\/wp-json\/wp\/v2\/pages"}],"about":[{"href":"https:\/\/whitesensepicnic.com\/en\/wp-json\/wp\/v2\/types\/page"}],"author":[{"embeddable":true,"href":"https:\/\/whitesensepicnic.com\/en\/wp-json\/wp\/v2\/users\/1"}],"replies":[{"embeddable":true,"href":"https:\/\/whitesensepicnic.com\/en\/wp-json\/wp\/v2\/comments?post=1963"}],"version-history":[{"count":0,"href":"https:\/\/whitesensepicnic.com\/en\/wp-json\/wp\/v2\/pages\/1963\/revisions"}],"wp:attachment":[{"href":"https:\/\/whitesensepicnic.com\/en\/wp-json\/wp\/v2\/media?parent=1963"}],"curies":[{"name":"wp","href":"https:\/\/api.w.org\/{rel}","templated":true}]}}