{"id":1532,"date":"2025-11-20T15:01:24","date_gmt":"2025-11-20T15:01:24","guid":{"rendered":"https:\/\/whitesensepicnic.com\/?page_id=1532"},"modified":"2025-11-20T20:37:52","modified_gmt":"2025-11-20T20:37:52","slug":"noteikumi","status":"publish","type":"page","link":"https:\/\/whitesensepicnic.com\/en\/noteikumi\/","title":{"rendered":"Noteikumi"},"content":{"rendered":"<p><style>@media (min-width: 992px) { .liquid-row-responsive-69e0fe25b2885 {padding-top:170px !important;  }  }    <\/style><section data-row-bg=\"https:\/\/whitesensepicnic.com\/wp-content\/uploads\/2025\/09\/Pikniks2017_0277.jpg?id=1022\" style=\"background-position:center bottom !important;\" data-bg-image=\"url\" class=\"vc_row vc_custom_1763584734365 liquid-row-responsive-69e0fe25b2885 liquid-row-shadowbox-69e0fe25b28c7 vc_row-has-fill vc_row-has-bg lqd-has-bg-markup row-bg-appended\"><span class=\"row-bg-loader\"><\/span><div class=\"row-bg-wrap\">\n\t\t<div class=\"row-bg-inner\">\n\t\t\t<figure class=\"row-bg\" ><\/figure>\n\t\t<\/div>\n\t<\/div><div class=\"liquid-row-overlay\" style=\"background:rgba(0, 0, 0, 0.5)\"><\/div><div class=\"ld-container container\"><div class=\"row ld-row ld-row-outer vc_row-o-content-middle vc_row-flex\"><div class=\"wpb_column vc_column_container vc_col-sm-12 vc_col-md-offset-3 vc_col-md-6 text-center liquid-column-69e0fe25b3b9e\"><div class=\"vc_column-inner\" ><div class=\"wpb_wrapper\"  ><style>.ld_fancy_heading_69e0fe25b3f92 h2{color:rgb(255, 255, 255);}.ld_fancy_heading_69e0fe25b3f92 .lqd-highlight-inner{height:0.275em!important;bottom:0px!important;}<\/style><div class=\"ld-fancy-heading mask-text ld_fancy_heading_69e0fe25b3f92\">\n\t<h2 class=\"ld-fh-element lqd-highlight-underline lqd-highlight-grow-left text-decoration-default lqd-split-lines\"   data-split-text=\"true\" data-split-options='{\"type\":\"lines\"}'>  Noteikumi<\/h2><\/div><style>.ld_fancy_heading_69e0fe25b4551 p{color:rgb(255, 255, 255);}.ld_fancy_heading_69e0fe25b4551 p {margin-bottom:20px !important;  } .ld_fancy_heading_69e0fe25b4551 .lqd-highlight-inner{height:0.275em!important;bottom:0px!important;}.ld_fancy_heading_69e0fe25b4551 p {margin-bottom:20px !important;  } <\/style><div class=\"ld-fancy-heading mask-text ld_fancy_heading_69e0fe25b4551\">\n\t<p class=\"ld-fh-element lqd-highlight-underline lqd-highlight-grow-left text-decoration-default lqd-split-lines\"   data-split-text=\"true\" data-split-options='{\"type\":\"lines\"}'>  Ce\u013cvedis L\u2019elegante pop-up picnic ma\u0123ijas tap\u0161an\u0101. Lasiet t\u0101l\u0101k, lai uzzin\u0101tu, k\u0101 top ma\u0123ija un k\u0101di ir pas\u0101kuma noteikumi.<\/p><\/div><\/div><\/div><\/div><\/div><\/div><\/section><section class=\"vc_row vc_custom_1763670218872 liquid-row-shadowbox-69e0fe25b49d2\"><div class=\"ld-container container\"><div class=\"row ld-row ld-row-outer\"><div class=\"wpb_column vc_column_container vc_col-sm-12 vc_col-md-offset-2 vc_col-md-8 liquid-column-69e0fe25b4df1\"><div class=\"vc_column-inner\" ><div class=\"wpb_wrapper\"  ><style>.ld_fancy_heading_69e0fe25b51b4 .lqd-highlight-inner{height:0.275em!important;bottom:0px!important;}<\/style><div class=\"ld-fancy-heading ld_fancy_heading_69e0fe25b51b4\">\n\t<h3 class=\"ld-fh-element lqd-highlight-underline lqd-highlight-grow-left text-decoration-default\"   >  Kas r\u016bp\u0113sies par ko?<\/h3><\/div><style>.ld_fancy_heading_69e0fe25b55b2 p {margin-bottom:40px !important;  } .ld_fancy_heading_69e0fe25b55b2 .lqd-highlight-inner{height:0.275em!important;bottom:0px!important;}.ld_fancy_heading_69e0fe25b55b2 p {margin-bottom:40px !important;  } <\/style><div class=\"ld-fancy-heading ld_fancy_heading_69e0fe25b55b2\">\n\t<p class=\"ld-fh-element lqd-highlight-underline lqd-highlight-grow-left text-decoration-default\"   >  Pas\u0101kuma organizators izv\u0113las vakara norises vietu, nodro\u0161ina visas nepiecie\u0161am\u0101s at\u013caujas, sagatavo galdus un kr\u0113slus, k\u0101 ar\u012b par\u016bp\u0113jas par muzik\u0101lo un izklaides programmu.<\/p>\n<p>P\u0101r\u0113jo ma\u0123iju \u2013 atmosf\u0113ru, galdu kl\u0101\u0161anu un vakari\u0146u baud\u012b\u0161anu \u2013 rad\u0101m kop\u0101.<\/p><\/div><style>.ld_fancy_heading_69e0fe25b59ce .lqd-highlight-inner{height:0.275em!important;bottom:0px!important;}<\/style><div class=\"ld-fancy-heading ld_fancy_heading_69e0fe25b59ce\">\n\t<h3 class=\"ld-fh-element lqd-highlight-underline lqd-highlight-grow-left text-decoration-default\"   >  Pirms pas\u0101kuma<\/h3><\/div><style>.ld_fancy_heading_69e0fe25b5d9d p {margin-bottom:40px !important;  } .ld_fancy_heading_69e0fe25b5d9d .lqd-highlight-inner{height:0.275em!important;bottom:0px!important;}.ld_fancy_heading_69e0fe25b5d9d p {margin-bottom:40px !important;  } <\/style><div class=\"ld-fancy-heading ld_fancy_heading_69e0fe25b5d9d\">\n\t<p class=\"ld-fh-element lqd-highlight-underline lqd-highlight-grow-left text-decoration-default\"   >  \u2014 Sapulciniet savu draugu loku un rezerv\u0113jiet vietas.<br \/>\n\u2014 Dal\u012bbas maksa: 60 EUR no personas.<br \/>\n\u2014 Vietu skaits ir ierobe\u017eots \u2013 aicin\u0101m neatlikt l\u0113mumu, lai pasp\u0113tu pieteikties pirms visas vietas ir aiz\u0146emtas!<\/p>\n<p>Tikai tie dal\u012bbnieki, kuri b\u016bs ieg\u0101d\u0101ju\u0161ies bi\u013ceti, pas\u0101kuma dien\u0101 plkst. 12:00 sa\u0146ems e-past\u0101 slepen\u0101s vietas adresi.<\/p><\/div><style>.ld_fancy_heading_69e0fe25b61db .lqd-highlight-inner{height:0.275em!important;bottom:0px!important;}<\/style><div class=\"ld-fancy-heading ld_fancy_heading_69e0fe25b61db\">\n\t<h3 class=\"ld-fh-element lqd-highlight-underline lqd-highlight-grow-left text-decoration-default\"   >  Vakari\u0146as. Dekor\u0101cijas. Ap\u0123\u0113rbs.<\/h3><\/div><style>.ld_fancy_heading_69e0fe25b65bb p {margin-bottom:40px !important;  } .ld_fancy_heading_69e0fe25b65bb .lqd-highlight-inner{height:0.275em!important;bottom:0px!important;}.ld_fancy_heading_69e0fe25b65bb p {margin-bottom:40px !important;  } <\/style><div class=\"ld-fancy-heading ld_fancy_heading_69e0fe25b65bb\">\n\t<p class=\"ld-fh-element lqd-highlight-underline lqd-highlight-grow-left text-decoration-default\"   >  <strong>Vakari\u0146as:<\/strong><br \/>\nKatrs dal\u012bbnieks l\u012bdzi \u0146em sagatavotas uzkodas un dz\u0113rienu, lai kop\u012bgi baud\u012btu vakari\u0146as un dal\u012btos ar draugiem.<br \/>\nVakars b\u016bs lieliska iesp\u0113ja atkl\u0101t savu kulin\u0101ro talantu \u2013 p\u0101rsteigt draugus un izv\u0113l\u0113ties kop\u012bgu vakara favor\u012btu.<br \/>\nLai izbaud\u012btu \u0113dienu un vakaru nesteidz\u012bgi, iesak\u0101m \u0146emt l\u012bdzi ne vair\u0101k k\u0101 vienu v\u012bna pudeli uz personu.<\/p>\n<p><strong>Dekor\u0101cijas:<\/strong><br \/>\nPas\u0101kuma sirds ir skaisti kl\u0101ts galds \u2013 ar baltu galdautu, sve\u010dturiem, svec\u0113m, ziediem, \u012bstiem traukiem un galda piederumiem.<br \/>\nRado\u0161ums un r\u016bp\u012bba par deta\u013c\u0101m veido \u012bpa\u0161o atmosf\u0113ru.<br \/>\nNeaizmirstiet ar\u012b balt\u0101s salvetes vakara atkl\u0101\u0161anas ritu\u0101lam!<\/p>\n<p><strong>Ap\u0123\u0113rbs:<\/strong><br \/>\n\u0160\u012b pas\u0101kuma viz\u012btkarte ir piln\u012bb\u0101 balts ap\u0123\u0113rbs, t\u0101d\u0113\u013c visi dal\u012bbnieki aicin\u0101ti t\u0113rpties balt\u0101.<br \/>\n\u0160\u012b trad\u012bcija rada vienot\u012bbas, svin\u012bguma un gai\u0161uma saj\u016btu.<br \/>\nBaltais ap\u0123\u0113rbs un balti kl\u0101ti galdi rada neatk\u0101rtojamu kontrastu ar pils\u0113tas vidi un padara \u0161o vakaru v\u0113l \u012bpa\u0161\u0101ku.<\/p><\/div><style>.ld_fancy_heading_69e0fe25b6b02 .lqd-highlight-inner{height:0.275em!important;bottom:0px!important;}<\/style><div class=\"ld-fancy-heading ld_fancy_heading_69e0fe25b6b02\">\n\t<h3 class=\"ld-fh-element lqd-highlight-underline lqd-highlight-grow-left text-decoration-default\"   >  Pas\u0101kuma norise<\/h3><\/div><style>.ld_fancy_heading_69e0fe25b6edc p {margin-bottom:40px !important;  } .ld_fancy_heading_69e0fe25b6edc .lqd-highlight-inner{height:0.275em!important;bottom:0px!important;}.ld_fancy_heading_69e0fe25b6edc p {margin-bottom:40px !important;  } <\/style><div class=\"ld-fancy-heading ld_fancy_heading_69e0fe25b6edc\">\n\t<p class=\"ld-fh-element lqd-highlight-underline lqd-highlight-grow-left text-decoration-default\"   >  <strong>18:00\u201318:30<\/strong><br \/>\nViesu iera\u0161an\u0101s un galdu kl\u0101\u0161ana.<br \/>\nKatram dal\u012bbniekam ir paredz\u0113t konkr\u0113ta vieta, to var\u0113s atrast elektroniski nos\u016bt\u012btaj\u0101 pl\u0101n\u0101. Nepiecie\u0161am\u012bbas gadijum\u0101 pas\u0101kuma viet\u0101 pal\u012bdz\u0113s koordinatori.<br \/>\nLiel\u0101k\u0101m komp\u0101nij\u0101m iesak\u0101m ierasties savlaic\u012bgi.<\/p>\n<p><strong>18:50\u201320:00<\/strong><br \/>\nVakari\u0146u atkl\u0101\u0161ana ar kop\u012bgu salve\u0161u m\u0101\u0161anas ritu\u0101lu.<br \/>\nIzbaudiet vakari\u0146as un atmosf\u0113ru, pastaig\u0101jieties starp skaisti kl\u0101tajiem galdiem, lai satiktu pazi\u0146as un jaunus cilv\u0113kus un \u013caujieties vakara burv\u012bbai.<\/p>\n<p><strong>20:00\u201322:50<\/strong><br \/>\nDeju laiks! Dz\u012bv\u0101s m\u016bzikas koncerts un dejas DJ pavad\u012bb\u0101.<br \/>\nAtcerieties ielikt br\u012bnumsvec\u012btes sav\u0101 piknika groz\u0101 \u012bpa\u0161ajam Magic Moment!<\/p>\n<p><strong>22:50\u201323:00<\/strong><br \/>\nVietas sakop\u0161ana.<br \/>\nL\u2019elegante Pop-Up Picnic ir par cie\u0146u pret vidi \u2013 m\u0113s neatst\u0101jam atkritumu p\u0113das.<br \/>\nL\u016bgums katrai kop\u0101nijai l\u012bdzi pa\u0146emt atkritumu maisu un p\u0113c pas\u0101kuma izmest visu lieko.<br \/>\nAtkritumu tvertnes b\u016bs nodro\u0161in\u0101tas uz vietas.<\/p>\n<p><strong>23:00<\/strong><br \/>\nVakara burv\u012bba nosl\u0113dzas.<br \/>\nAicin\u0101m m\u0101jup doties dro\u0161i \u2013 izmantojot taksi vai sabiedrisko transportu.<\/p><\/div><style>.ld_fancy_heading_69e0fe25b74e9 .lqd-highlight-inner{height:0.275em!important;bottom:0px!important;}<\/style><div class=\"ld-fancy-heading ld_fancy_heading_69e0fe25b74e9\">\n\t<h3 class=\"ld-fh-element lqd-highlight-underline lqd-highlight-grow-left text-decoration-default\"   >  Iztur\u0113\u0161an\u0101s<\/h3><\/div><style>.ld_fancy_heading_69e0fe25b78b9 p {margin-bottom:40px !important;  } .ld_fancy_heading_69e0fe25b78b9 .lqd-highlight-inner{height:0.275em!important;bottom:0px!important;}.ld_fancy_heading_69e0fe25b78b9 p {margin-bottom:40px !important;  } <\/style><div class=\"ld-fancy-heading ld_fancy_heading_69e0fe25b78b9\">\n\t<p class=\"ld-fh-element lqd-highlight-underline lqd-highlight-grow-left text-decoration-default\"   >  M\u016bsu m\u0113r\u0137is ir, lai vakars b\u016btu priec\u012bgs un ikviens justos pieder\u012bgs.<br \/>\nL\u016bdzu, izturieties cie\u0146pilni pret citiem dal\u012bbniekiem un organizatoru komandu.<br \/>\nSadarb\u012bba un savstarp\u0113ja cie\u0146a ir \u0161\u012b pas\u0101kuma (un ar\u012b dz\u012bves!) pan\u0101kumu atsl\u0113ga.<\/p><\/div><style>.ld_fancy_heading_69e0fe25b7cc2 .lqd-highlight-inner{height:0.275em!important;bottom:0px!important;}<\/style><div class=\"ld-fancy-heading ld_fancy_heading_69e0fe25b7cc2\">\n\t<h3 class=\"ld-fh-element lqd-highlight-underline lqd-highlight-grow-left text-decoration-default\"   >  Dalieties ar savu pieredzi<\/h3><\/div><style>.ld_fancy_heading_69e0fe25b808c p {margin-bottom:40px !important;  } .ld_fancy_heading_69e0fe25b808c .lqd-highlight-inner{height:0.275em!important;bottom:0px!important;}.ld_fancy_heading_69e0fe25b808c p {margin-bottom:40px !important;  } <\/style><div class=\"ld-fancy-heading ld_fancy_heading_69e0fe25b808c\">\n\t<p class=\"ld-fh-element lqd-highlight-underline lqd-highlight-grow-left text-decoration-default\"   >  M\u0113s \u013coti priec\u0101simies, ja dal\u012bsieties ar saviem st\u0101stiem, fotogr\u0101fij\u0101m un iespaidiem!<br \/>\nSoci\u0101lajos t\u012bklos izmantojiet t\u0113mturi #popuppikniks, #baltaispikniks , komunik\u0101cijai e-pastu: <a href=\"mailto:pikniks@popupsense.lv\" target=\"_blank\" rel=\"noopener\">pikniks@popupsense.lv<\/a>.<\/p><\/div><\/div><\/div><\/div><\/div><\/div><\/section>","protected":false},"excerpt":{"rendered":"Noteikumi Ce\u013cvedis L\u2019elegante pop-up picnic ma\u0123ijas tap\u0161an\u0101. Lasiet t\u0101l\u0101k, lai uzzin\u0101tu, k\u0101 top ma\u0123ija un k\u0101di ir pas\u0101kuma noteikumi. Kas r\u016bp\u0113sies par ko? Pas\u0101kuma organizators izv\u0113las vakara norises vietu, nodro\u0161ina visas nepiecie\u0161am\u0101s at\u013caujas, sagatavo galdus un kr\u0113slus, k\u0101 ar\u012b par\u016bp\u0113jas par muzik\u0101lo un izklaides programmu. P\u0101r\u0113jo ma\u0123iju \u2013 atmosf\u0113ru, galdu kl\u0101\u0161anu un vakari\u0146u baud\u012b\u0161anu \u2013 [...]","protected":false},"author":1,"featured_media":0,"parent":0,"menu_order":0,"comment_status":"closed","ping_status":"closed","template":"","meta":{"footnotes":""},"class_list":["post-1532","page","type-page","status-publish","hentry"],"yoast_head":"<!-- This site is optimized with the Yoast SEO plugin v27.3 - https:\/\/yoast.com\/product\/yoast-seo-wordpress\/ -->\n<title>Noteikumi - White Sense Picnic<\/title>\n<meta name=\"robots\" content=\"index, follow, max-snippet:-1, max-image-preview:large, max-video-preview:-1\" \/>\n<link rel=\"canonical\" href=\"https:\/\/whitesensepicnic.com\/en\/noteikumi\/\" \/>\n<meta property=\"og:locale\" content=\"en_GB\" \/>\n<meta property=\"og:type\" content=\"article\" \/>\n<meta property=\"og:title\" content=\"Noteikumi - White Sense Picnic\" \/>\n<meta property=\"og:url\" content=\"https:\/\/whitesensepicnic.com\/en\/noteikumi\/\" \/>\n<meta property=\"og:site_name\" content=\"White Sense Picnic\" \/>\n<meta property=\"article:modified_time\" content=\"2025-11-20T20:37:52+00:00\" \/>\n<meta name=\"twitter:card\" content=\"summary_large_image\" \/>\n<meta name=\"twitter:label1\" content=\"Estimated reading time\" \/>\n\t<meta name=\"twitter:data1\" content=\"3 minutes\" \/>\n<script type=\"application\/ld+json\" class=\"yoast-schema-graph\">{\"@context\":\"https:\\\/\\\/schema.org\",\"@graph\":[{\"@type\":\"WebPage\",\"@id\":\"https:\\\/\\\/whitesensepicnic.com\\\/noteikumi\\\/\",\"url\":\"https:\\\/\\\/whitesensepicnic.com\\\/noteikumi\\\/\",\"name\":\"Noteikumi - White Sense Picnic\",\"isPartOf\":{\"@id\":\"https:\\\/\\\/whitesensepicnic.com\\\/#website\"},\"datePublished\":\"2025-11-20T15:01:24+00:00\",\"dateModified\":\"2025-11-20T20:37:52+00:00\",\"breadcrumb\":{\"@id\":\"https:\\\/\\\/whitesensepicnic.com\\\/noteikumi\\\/#breadcrumb\"},\"inLanguage\":\"en-GB\",\"potentialAction\":[{\"@type\":\"ReadAction\",\"target\":[\"https:\\\/\\\/whitesensepicnic.com\\\/noteikumi\\\/\"]}]},{\"@type\":\"BreadcrumbList\",\"@id\":\"https:\\\/\\\/whitesensepicnic.com\\\/noteikumi\\\/#breadcrumb\",\"itemListElement\":[{\"@type\":\"ListItem\",\"position\":1,\"name\":\"Home\",\"item\":\"https:\\\/\\\/whitesensepicnic.com\\\/\"},{\"@type\":\"ListItem\",\"position\":2,\"name\":\"Noteikumi\"}]},{\"@type\":\"WebSite\",\"@id\":\"https:\\\/\\\/whitesensepicnic.com\\\/#website\",\"url\":\"https:\\\/\\\/whitesensepicnic.com\\\/\",\"name\":\"WiseflowAI\",\"description\":\"Where The Magic Happens\",\"publisher\":{\"@id\":\"https:\\\/\\\/whitesensepicnic.com\\\/#organization\"},\"potentialAction\":[{\"@type\":\"SearchAction\",\"target\":{\"@type\":\"EntryPoint\",\"urlTemplate\":\"https:\\\/\\\/whitesensepicnic.com\\\/?s={search_term_string}\"},\"query-input\":{\"@type\":\"PropertyValueSpecification\",\"valueRequired\":true,\"valueName\":\"search_term_string\"}}],\"inLanguage\":\"en-GB\"},{\"@type\":\"Organization\",\"@id\":\"https:\\\/\\\/whitesensepicnic.com\\\/#organization\",\"name\":\"WiseflowAI\",\"url\":\"https:\\\/\\\/whitesensepicnic.com\\\/\",\"logo\":{\"@type\":\"ImageObject\",\"inLanguage\":\"en-GB\",\"@id\":\"https:\\\/\\\/whitesensepicnic.com\\\/#\\\/schema\\\/logo\\\/image\\\/\",\"url\":\"https:\\\/\\\/whitesensepicnic.com\\\/wp-content\\\/uploads\\\/2025\\\/09\\\/favicon.png\",\"contentUrl\":\"https:\\\/\\\/whitesensepicnic.com\\\/wp-content\\\/uploads\\\/2025\\\/09\\\/favicon.png\",\"width\":512,\"height\":512,\"caption\":\"WiseflowAI\"},\"image\":{\"@id\":\"https:\\\/\\\/whitesensepicnic.com\\\/#\\\/schema\\\/logo\\\/image\\\/\"}}]}<\/script>\n<!-- \/ Yoast SEO plugin. -->","yoast_head_json":{"title":"Noteikumi - White Sense Picnic","robots":{"index":"index","follow":"follow","max-snippet":"max-snippet:-1","max-image-preview":"max-image-preview:large","max-video-preview":"max-video-preview:-1"},"canonical":"https:\/\/whitesensepicnic.com\/en\/noteikumi\/","og_locale":"en_GB","og_type":"article","og_title":"Noteikumi - White Sense Picnic","og_url":"https:\/\/whitesensepicnic.com\/en\/noteikumi\/","og_site_name":"White Sense Picnic","article_modified_time":"2025-11-20T20:37:52+00:00","twitter_card":"summary_large_image","twitter_misc":{"Estimated reading time":"3 minutes"},"schema":{"@context":"https:\/\/schema.org","@graph":[{"@type":"WebPage","@id":"https:\/\/whitesensepicnic.com\/noteikumi\/","url":"https:\/\/whitesensepicnic.com\/noteikumi\/","name":"Noteikumi - White Sense Picnic","isPartOf":{"@id":"https:\/\/whitesensepicnic.com\/#website"},"datePublished":"2025-11-20T15:01:24+00:00","dateModified":"2025-11-20T20:37:52+00:00","breadcrumb":{"@id":"https:\/\/whitesensepicnic.com\/noteikumi\/#breadcrumb"},"inLanguage":"en-GB","potentialAction":[{"@type":"ReadAction","target":["https:\/\/whitesensepicnic.com\/noteikumi\/"]}]},{"@type":"BreadcrumbList","@id":"https:\/\/whitesensepicnic.com\/noteikumi\/#breadcrumb","itemListElement":[{"@type":"ListItem","position":1,"name":"Home","item":"https:\/\/whitesensepicnic.com\/"},{"@type":"ListItem","position":2,"name":"Noteikumi"}]},{"@type":"WebSite","@id":"https:\/\/whitesensepicnic.com\/#website","url":"https:\/\/whitesensepicnic.com\/","name":"WiseflowAI","description":"Where The Magic Happens","publisher":{"@id":"https:\/\/whitesensepicnic.com\/#organization"},"potentialAction":[{"@type":"SearchAction","target":{"@type":"EntryPoint","urlTemplate":"https:\/\/whitesensepicnic.com\/?s={search_term_string}"},"query-input":{"@type":"PropertyValueSpecification","valueRequired":true,"valueName":"search_term_string"}}],"inLanguage":"en-GB"},{"@type":"Organization","@id":"https:\/\/whitesensepicnic.com\/#organization","name":"WiseflowAI","url":"https:\/\/whitesensepicnic.com\/","logo":{"@type":"ImageObject","inLanguage":"en-GB","@id":"https:\/\/whitesensepicnic.com\/#\/schema\/logo\/image\/","url":"https:\/\/whitesensepicnic.com\/wp-content\/uploads\/2025\/09\/favicon.png","contentUrl":"https:\/\/whitesensepicnic.com\/wp-content\/uploads\/2025\/09\/favicon.png","width":512,"height":512,"caption":"WiseflowAI"},"image":{"@id":"https:\/\/whitesensepicnic.com\/#\/schema\/logo\/image\/"}}]}},"_links":{"self":[{"href":"https:\/\/whitesensepicnic.com\/en\/wp-json\/wp\/v2\/pages\/1532","targetHints":{"allow":["GET"]}}],"collection":[{"href":"https:\/\/whitesensepicnic.com\/en\/wp-json\/wp\/v2\/pages"}],"about":[{"href":"https:\/\/whitesensepicnic.com\/en\/wp-json\/wp\/v2\/types\/page"}],"author":[{"embeddable":true,"href":"https:\/\/whitesensepicnic.com\/en\/wp-json\/wp\/v2\/users\/1"}],"replies":[{"embeddable":true,"href":"https:\/\/whitesensepicnic.com\/en\/wp-json\/wp\/v2\/comments?post=1532"}],"version-history":[{"count":0,"href":"https:\/\/whitesensepicnic.com\/en\/wp-json\/wp\/v2\/pages\/1532\/revisions"}],"wp:attachment":[{"href":"https:\/\/whitesensepicnic.com\/en\/wp-json\/wp\/v2\/media?parent=1532"}],"curies":[{"name":"wp","href":"https:\/\/api.w.org\/{rel}","templated":true}]}}